{"id":3159,"date":"2022-12-13T10:00:25","date_gmt":"2022-12-13T09:00:25","guid":{"rendered":"http:\/\/camp-port.com\/?page_id=3159"},"modified":"2022-12-13T10:05:11","modified_gmt":"2022-12-13T09:05:11","slug":"politica-de-privacidad","status":"publish","type":"page","link":"https:\/\/camp-port.com\/es\/politica-de-privacidad\/","title":{"rendered":"Pol\u00edtica de privacidad"},"content":{"rendered":"\t\t<div data-elementor-type=\"wp-page\" data-elementor-id=\"3159\" class=\"elementor elementor-3159\">\n\t\t\t\t\t\t\t\t\t<section class=\"elementor-section elementor-top-section elementor-element elementor-element-bf8dc79 elementor-section-boxed elementor-section-height-default elementor-section-height-default\" data-id=\"bf8dc79\" data-element_type=\"section\">\n\t\t\t\t\t\t<div class=\"elementor-container elementor-column-gap-default\">\n\t\t\t\t\t<div class=\"elementor-column elementor-col-100 elementor-top-column elementor-element elementor-element-bbc9ddc\" data-id=\"bbc9ddc\" data-element_type=\"column\">\n\t\t\t<div class=\"elementor-widget-wrap elementor-element-populated\">\n\t\t\t\t\t\t\t\t<div class=\"elementor-element elementor-element-c4e7a65 elementor-widget elementor-widget-heading\" data-id=\"c4e7a65\" data-element_type=\"widget\" data-widget_type=\"heading.default\">\n\t\t\t\t<div class=\"elementor-widget-container\">\n\t\t\t<style>\/*! elementor - v3.12.1 - 02-04-2023 *\/\n.elementor-heading-title{padding:0;margin:0;line-height:1}.elementor-widget-heading .elementor-heading-title[class*=elementor-size-]>a{color:inherit;font-size:inherit;line-height:inherit}.elementor-widget-heading .elementor-heading-title.elementor-size-small{font-size:15px}.elementor-widget-heading .elementor-heading-title.elementor-size-medium{font-size:19px}.elementor-widget-heading .elementor-heading-title.elementor-size-large{font-size:29px}.elementor-widget-heading .elementor-heading-title.elementor-size-xl{font-size:39px}.elementor-widget-heading .elementor-heading-title.elementor-size-xxl{font-size:59px}<\/style><h2 class=\"elementor-heading-title elementor-size-default\">POL\u00cdTICA DE PRIVACIDAD<\/h2>\t\t<\/div>\n\t\t\t\t<\/div>\n\t\t\t\t<div class=\"elementor-element elementor-element-87898a6 elementor-widget elementor-widget-text-editor\" data-id=\"87898a6\" data-element_type=\"widget\" data-widget_type=\"text-editor.default\">\n\t\t\t\t<div class=\"elementor-widget-container\">\n\t\t\t<style>\/*! elementor - v3.12.1 - 02-04-2023 *\/\n.elementor-widget-text-editor.elementor-drop-cap-view-stacked .elementor-drop-cap{background-color:#69727d;color:#fff}.elementor-widget-text-editor.elementor-drop-cap-view-framed .elementor-drop-cap{color:#69727d;border:3px solid;background-color:transparent}.elementor-widget-text-editor:not(.elementor-drop-cap-view-default) .elementor-drop-cap{margin-top:8px}.elementor-widget-text-editor:not(.elementor-drop-cap-view-default) .elementor-drop-cap-letter{width:1em;height:1em}.elementor-widget-text-editor .elementor-drop-cap{float:left;text-align:center;line-height:1;font-size:50px}.elementor-widget-text-editor .elementor-drop-cap-letter{display:inline-block}<\/style>\t\t\t\t<ol><li><h5><strong>Introducci\u00f3n<\/strong><\/h5><\/li><\/ol><p>Esta pol\u00edtica de protecci\u00f3n de datos personales (la \u201c<strong>Pol\u00edtica de Privacidad<\/strong>\u201d) informa a los usuarios de la p\u00e1gina web www.camp-port.com (la \u201c<strong>Web<\/strong>\u201d) sobre el tratamiento de sus datos personales por parte de\u00a0ATALAYA CAMPOS SON CATLAR SL\u00a0(\u201c<strong>ATALAYA <\/strong>\u201d).<\/p><p>Se considera dato personal toda informaci\u00f3n sobre una persona f\u00edsica identificada o identificable a trav\u00e9s de la cual pueda determinarse, directa o indirectamente, la identidad de una persona. El nombre de una persona, el n\u00famero de tel\u00e9fono o la direcci\u00f3n de correo electr\u00f3nico pueden considerarse datos personales.<\/p><p>El uso de cualquier t\u00e9rmino definido en la presente Pol\u00edtica de Privacidad que no se encuentre expresamente definido dentro de ella, tendr\u00e1 el significado que se le atribuye en el\u00a0<a href=\"https:\/\/camp-port.com\/es\/aviso-legal\/\"><u>Aviso Legal y Condiciones Generales de Uso de la Web<\/u>.<\/a>\u00a0<\/p><ol start=\"2\"><li><h5><strong>Responsable del tratamiento<\/strong><\/h5><\/li><\/ol><ul><li>ATALAYA CAMPOS SON CATLAR SL, con domicilio social en Calle Mazarredo 69 7 F Bilbao y con N.I.F. B42951772, es el responsable del tratamiento de los datos personales que se recojan a trav\u00e9s de la Web o que se generen por su uso. Puede contactar con ATALAYA a trav\u00e9s de cualquiera de los siguientes medios de contacto:<ul><li>Domicilio: en Calle Mazarredo 69 7 F Bilbao<\/li><li>Direcci\u00f3n de correo electr\u00f3nico:\u00a0<a href=\"mailto:dpo@mazabi.com\">dpo@mazabi.com<\/a><\/li><\/ul><\/li><\/ul><p>\u00a0<\/p><ol start=\"3\"><li><h5><strong>Finalidades y bases jur\u00eddicas del tratamiento de datos personales<\/strong><\/h5><\/li><\/ol><p>Los datos personales de los usuarios ser\u00e1n tratados con las siguientes finalidades y bases jur\u00eddicas<\/p><table width=\"547\"><thead><tr><td><p><strong>Finalidad<\/strong><\/p><\/td><td><p><strong>Categor\u00edas de datos personales<\/strong><\/p><\/td><td><p><strong>Base jur\u00eddica<\/strong><\/p><\/td><\/tr><\/thead><tbody><tr><td><p>Gesti\u00f3n de las solicitudes de contacto.<\/p><\/td><td><p>Datos identificativos que se recojan a trav\u00e9s de los formularios (p.e., nombre y apellidos, n\u00famero de tel\u00e9fono, correo electr\u00f3nico, etc.) y otros datos que, en su caso, el usuario proporcione voluntariamente a trav\u00e9s de los formularios.<\/p><\/td><td><p>Necesidad de tratar los datos para gestionar la solicitud de contacto y\/o proporcionarle la informaci\u00f3n que nos pueda solicitar.<\/p><\/td><\/tr><tr><td><p>Cumplimiento de obligaciones legales<\/p><\/td><td><p>Datos identificativos que se recojan a trav\u00e9s de los formularios (p.e., nombre y apellidos, n\u00famero de tel\u00e9fono, direcci\u00f3n de correo electr\u00f3nico) y otros datos que, en su caso, podamos disponer sobre el usuario.<\/p><\/td><td><p>Cumplimiento de obligaciones legales<\/p><\/td><\/tr><tr><td><p>Seguridad Inform\u00e1tica de la Web.<\/p><\/td><td><p>Datos identificativos que podamos disponer sobre el usuario, incluida su direcci\u00f3n IP, y datos de navegaci\u00f3n.<\/p><\/td><td><p>Inter\u00e9s leg\u00edtimo de ATALAYA \u00a0en garantizar la seguridad de la Web.<\/p><\/td><\/tr><\/tbody><\/table><ol start=\"4\"><li><h5><strong>Cesiones y transferencias internacionales de datos<\/strong><\/h5><\/li><\/ol><p>Los datos personales podr\u00e1n ser comunicados a las autoridades competentes en el ejercicio de sus funciones.<\/p><p>En el caso de que alguno de nuestros proveedores de servicios o de sistemas inform\u00e1ticos est\u00e9n ubicados fuera del Espacio Econ\u00f3mico Europeo, ATALAYA \u00a0adoptar\u00e1 todas las garant\u00edas que sean aplicables conforme a la normativa aplicable para garantizar una adecuada gesti\u00f3n de los datos, as\u00ed como su integridad y confidencialidad.<\/p><ol start=\"5\"><li><strong>Conservaci\u00f3n de los datos personales<\/strong><\/li><\/ol><p>Los datos personales ser\u00e1n conservados durante el tiempo necesario para atender a las finalidades (p.ej., gestionar la solicitud de contacto o petici\u00f3n de informaci\u00f3n o, en el supuesto de que se genere una relaci\u00f3n contractual con el usuario, mientras dicha relaci\u00f3n contin\u00fae vigente) y, tras ello, durante el periodo de tiempo necesario para atender cualquier tipo de responsabilidad (p.ej., hasta la prescripci\u00f3n de la responsabilidad que pudiera derivar de la normativa en materia de protecci\u00f3n de datos).<\/p><ol start=\"6\"><li><h5><strong>Datos de terceros<\/strong><\/h5><\/li><\/ol><p>En el caso de que el usuario proporcione datos de terceros, este se compromete a haber obtenido su consentimiento previo e informado -salvo que resulte de aplicaci\u00f3n alguna otra causa que legitime dicha comunicaci\u00f3n-. El consentimiento ser\u00e1 considerado como informado cuando los terceros hayan sido informados por el usuario y hayan aceptado el Aviso Legal y las Condiciones Generales de Uso de la Web y esta Pol\u00edtica de Privacidad. Es responsabilidad \u00fanica del usuario cumplir con el deber de informaci\u00f3n indicado y haber obtenido los consentimientos previos de los terceros sin que ATALAYA \u00a0deba realizar ninguna actuaci\u00f3n adicional frente a estos.<\/p><ol start=\"7\"><li><h5><strong>Cookies<\/strong><\/h5><\/li><\/ol><p>La Web utiliza \u201ccookies\u201d (ficheros que se descargan en el ordenador\/smartphone\/tablet del usuario al acceder a determinadas p\u00e1ginas web para almacenar y recuperar informaci\u00f3n sobre la navegaci\u00f3n que se efect\u00faa desde dicho equipo). Toda la informaci\u00f3n sobre cookies que se utilizan en la Web est\u00e1 disponible en el siguiente enlace:\u00a0<a href=\"https:\/\/camp-port.com\/es\/politica-de-cookies\/\"><u>Pol\u00edtica de cookies.<\/u><\/a><\/p><ol start=\"8\"><li><h5><strong>Derechos en materia de protecci\u00f3n de datos<\/strong><\/h5><\/li><\/ol><p>Los titulares de los datos personales pueden ejercitar su derecho de acceso, rectificaci\u00f3n, supresi\u00f3n, oposici\u00f3n, limitaci\u00f3n del tratamiento, portabilidad, a no ser objeto de decisiones individuales automatizadas y a retirar el consentimiento previamente otorgado remitiendo una solicitud a trav\u00e9s de un correo electr\u00f3nico a la direcci\u00f3n\u00a0<a href=\"mailto:dpo@mazabi.com\">dpo@mazabi.com<\/a>\u00a0o a trav\u00e9s de correo postal al domicilio social de ATALAYA , adjuntando una copia de su Documento de Identidad o cualquier otro documento oficial que le identifique e indicando qu\u00e9 derecho desea ejercer.<\/p><p>Los usuarios tambi\u00e9n tienen derecho a presentar una reclamaci\u00f3n ante la autoridad de control competente en materia de protecci\u00f3n de datos, en Espa\u00f1a, la\u00a0<a href=\"http:\/\/www.aepd.es\/\">Agencia Espa\u00f1ola de Protecci\u00f3n de Datos<\/a>.<\/p>\t\t\t\t\t\t<\/div>\n\t\t\t\t<\/div>\n\t\t\t\t\t<\/div>\n\t\t<\/div>\n\t\t\t\t\t\t\t<\/div>\n\t\t<\/section>\n\t\t\t\t\t\t\t<\/div>\n\t\t","protected":false},"excerpt":{"rendered":"<p>POL\u00cdTICA DE PRIVACIDAD Introducci\u00f3n Esta pol\u00edtica de protecci\u00f3n de datos personales (la \u201cPol\u00edtica de Privacidad\u201d) informa a los usuarios de la p\u00e1gina web www.camp-port.com (la \u201cWeb\u201d) sobre el tratamiento de sus datos personales por parte de\u00a0ATALAYA CAMPOS SON CATLAR SL\u00a0(\u201cATALAYA \u201d). Se considera dato personal toda informaci\u00f3n sobre una persona f\u00edsica identificada o identificable a [&hellip;]<\/p>\n","protected":false},"author":1,"featured_media":0,"parent":0,"menu_order":0,"comment_status":"closed","ping_status":"closed","template":"","meta":{"inline_featured_image":false,"footnotes":""},"class_list":["post-3159","page","type-page","status-publish","hentry"],"_links":{"self":[{"href":"https:\/\/camp-port.com\/es\/wp-json\/wp\/v2\/pages\/3159","targetHints":{"allow":["GET"]}}],"collection":[{"href":"https:\/\/camp-port.com\/es\/wp-json\/wp\/v2\/pages"}],"about":[{"href":"https:\/\/camp-port.com\/es\/wp-json\/wp\/v2\/types\/page"}],"author":[{"embeddable":true,"href":"https:\/\/camp-port.com\/es\/wp-json\/wp\/v2\/users\/1"}],"replies":[{"embeddable":true,"href":"https:\/\/camp-port.com\/es\/wp-json\/wp\/v2\/comments?post=3159"}],"version-history":[{"count":4,"href":"https:\/\/camp-port.com\/es\/wp-json\/wp\/v2\/pages\/3159\/revisions"}],"predecessor-version":[{"id":3165,"href":"https:\/\/camp-port.com\/es\/wp-json\/wp\/v2\/pages\/3159\/revisions\/3165"}],"wp:attachment":[{"href":"https:\/\/camp-port.com\/es\/wp-json\/wp\/v2\/media?parent=3159"}],"curies":[{"name":"wp","href":"https:\/\/api.w.org\/{rel}","templated":true}]}}