{"id":3143,"date":"2022-12-13T09:47:48","date_gmt":"2022-12-13T08:47:48","guid":{"rendered":"http:\/\/camp-port.com\/?page_id=3143"},"modified":"2022-12-13T10:07:45","modified_gmt":"2022-12-13T09:07:45","slug":"aviso-legal","status":"publish","type":"page","link":"https:\/\/camp-port.com\/es\/aviso-legal\/","title":{"rendered":"Aviso legal"},"content":{"rendered":"\t\t<div data-elementor-type=\"wp-page\" data-elementor-id=\"3143\" class=\"elementor elementor-3143\">\n\t\t\t\t\t\t\t\t\t<section class=\"elementor-section elementor-top-section elementor-element elementor-element-bf8dc79 elementor-section-boxed elementor-section-height-default elementor-section-height-default\" data-id=\"bf8dc79\" data-element_type=\"section\">\n\t\t\t\t\t\t<div class=\"elementor-container elementor-column-gap-default\">\n\t\t\t\t\t<div class=\"elementor-column elementor-col-100 elementor-top-column elementor-element elementor-element-bbc9ddc\" data-id=\"bbc9ddc\" data-element_type=\"column\">\n\t\t\t<div class=\"elementor-widget-wrap elementor-element-populated\">\n\t\t\t\t\t\t\t\t<div class=\"elementor-element elementor-element-c4e7a65 elementor-widget elementor-widget-heading\" data-id=\"c4e7a65\" data-element_type=\"widget\" data-widget_type=\"heading.default\">\n\t\t\t\t<div class=\"elementor-widget-container\">\n\t\t\t<style>\/*! elementor - v3.12.1 - 02-04-2023 *\/\n.elementor-heading-title{padding:0;margin:0;line-height:1}.elementor-widget-heading .elementor-heading-title[class*=elementor-size-]>a{color:inherit;font-size:inherit;line-height:inherit}.elementor-widget-heading .elementor-heading-title.elementor-size-small{font-size:15px}.elementor-widget-heading .elementor-heading-title.elementor-size-medium{font-size:19px}.elementor-widget-heading .elementor-heading-title.elementor-size-large{font-size:29px}.elementor-widget-heading .elementor-heading-title.elementor-size-xl{font-size:39px}.elementor-widget-heading .elementor-heading-title.elementor-size-xxl{font-size:59px}<\/style><h2 class=\"elementor-heading-title elementor-size-default\">AVISO LEGAL<\/h2>\t\t<\/div>\n\t\t\t\t<\/div>\n\t\t\t\t<div class=\"elementor-element elementor-element-87898a6 elementor-widget elementor-widget-text-editor\" data-id=\"87898a6\" data-element_type=\"widget\" data-widget_type=\"text-editor.default\">\n\t\t\t\t<div class=\"elementor-widget-container\">\n\t\t\t<style>\/*! elementor - v3.12.1 - 02-04-2023 *\/\n.elementor-widget-text-editor.elementor-drop-cap-view-stacked .elementor-drop-cap{background-color:#69727d;color:#fff}.elementor-widget-text-editor.elementor-drop-cap-view-framed .elementor-drop-cap{color:#69727d;border:3px solid;background-color:transparent}.elementor-widget-text-editor:not(.elementor-drop-cap-view-default) .elementor-drop-cap{margin-top:8px}.elementor-widget-text-editor:not(.elementor-drop-cap-view-default) .elementor-drop-cap-letter{width:1em;height:1em}.elementor-widget-text-editor .elementor-drop-cap{float:left;text-align:center;line-height:1;font-size:50px}.elementor-widget-text-editor .elementor-drop-cap-letter{display:inline-block}<\/style>\t\t\t\t<ol><li><h5><strong>Aviso legal y objeto de la web<\/strong><\/h5><\/li><\/ol><p>Las presentes condiciones generales de uso de la p\u00e1gina web de\u00a0ATALAYA CAMPOS SON CATLAR, S.L. (\u201cATALAYA\u201d) (<a href=\"http:\/\/www.camp-port.com\">www.camp-port.com<\/a>) (las \u201cCondiciones Generales\u201d) regulan el acceso y el uso de este sitio web, as\u00ed como de las distintas p\u00e1ginas que lo integran (la \u201cWeb\u201d). El usuario debe leer estas Condiciones Generales con atenci\u00f3n dado que cada vez que solicite o utilice la Web acepta su contenido.<\/p><p>El prestador de servicios de la sociedad de la informaci\u00f3n responsable de la Web es ATALAYA CAMPOS SON CATLAR, S.L.., sociedad de nacionalidad espa\u00f1ola, con N.I.F. B42951772 y domicilio social en Calle Mazarredo 69 7 F Bilbao. Puede contactar con ATALAYA a trav\u00e9s de cualquiera de los siguientes medios de contacto:<\/p><ul><li><p>Domicilio: Calle Mazarredo 69 7 F Bilbao<\/p><\/li><li><p>Direcci\u00f3n de correo electr\u00f3nico: dpo@mazabi.com<\/p><\/li><\/ul><p>ATALAYA se reserva el derecho a modificar la presentaci\u00f3n o configuraci\u00f3n de la Web, suspender, interrumpir o dejar de operar la Web en cualquier momento.<\/p><p>** EL USUARIO DEBE LEER CON ATENCI\u00d3N LAS CONDICIONES GENERALES CADA VEZ QUE SE PROPONGA UTILIZAR EL SITIO WEB AS\u00cd COMO, EN SU CASO, LAS CORRESPONDIENTES CONDICIONES PARTICULARES CADA VEZ QUE SE PROPONGA UTILIZAR EL CONTENIDO O SERVICIO DE QUE SE TRATE.<\/p><ol start=\"2\"><li><h5><strong>Uso de la web<\/strong><\/h5><\/li><\/ol><p>Salvo que se disponga lo contrario, el uso de la Web tendr\u00e1 car\u00e1cter gratuito, sin perjuicio del coste de conexi\u00f3n que tenga el usuario para acceder a la red de telecomunicaciones. Los contenidos y servicios de la Web se ofrecen solo a usuarios mayores de 18 a\u00f1os, quedando prohibida su utilizaci\u00f3n por usuarios que no cumplan este requisito. Ciertos contenidos y servicios podr\u00e1n asimismo quedar regulados por condiciones particulares las cuales, en caso de conflicto, prevalecer\u00e1n sobre las Condiciones Generales (las \u201c<strong>Condiciones Particulares<\/strong>\u201d).<\/p><p>El usuario acepta voluntaria y expresamente que el uso de la Web se realiza bajo su \u00fanica y exclusiva responsabilidad y se compromete a no llevar a cabo ninguna conducta que pudiera (i) violar la ley y\/o las Condiciones Generales o las Condiciones Particulares; (ii) da\u00f1ar la imagen, intereses y derechos de ATALAYA o de terceros (iii) da\u00f1ar, inutilizar, sobrecargar o impedir la normal utilizaci\u00f3n de la Web. En particular, el usuario se compromete expresamente a (i) no destruir, alterar, inutilizar o, de cualquier otra forma, da\u00f1ar los datos y programas que se encuentren en la Web; y (ii) no introducir programas, virus, macros, controles o cualquier otro dispositivo l\u00f3gico o secuencia de caracteres que causen, o sean susceptibles de causar, cualquier tipo de alteraci\u00f3n en los sistemas inform\u00e1ticos de la Web o de terceros.<\/p><ol start=\"3\"><li><h5><strong>Derechos de propiedad intelectual e industrial<\/strong><\/h5><\/li><\/ol><p>Todos los contenidos (incluyendo el dise\u00f1o gr\u00e1fico, c\u00f3digo fuente, logos, textos, gr\u00e1ficos, ilustraciones, fotograf\u00edas, videos, nombres comerciales, marcas o signos distintivos y cualesquiera elementos que aparecen en la Web), salvo que se indique expresamente lo contrario, son titularidad exclusiva de ATALAYA o de terceros.<\/p><p>No se cede al usuario ning\u00fan derecho de propiedad intelectual o industrial sobre la Web ni sobre ninguno de sus elementos integrantes, quedando expresamente prohibido al usuario la reproducci\u00f3n, transformaci\u00f3n, distribuci\u00f3n, comunicaci\u00f3n p\u00fablica, puesta a disposici\u00f3n, extracci\u00f3n, reutilizaci\u00f3n, reenv\u00edo o la utilizaci\u00f3n de cualquier naturaleza, por cualquier medio o procedimiento, de cualquiera de ellos, salvo en los casos en que est\u00e9 legalmente permitido o sea autorizado por el titular de los correspondientes derechos.<\/p><p>El usuario podr\u00e1 visualizar y obtener una copia privada temporal de los contenidos para su exclusivo uso personal, privado y no colectivo en sus sistemas inform\u00e1ticos (software y hardware), siempre que no sea con la finalidad de desarrollar actividades colectivas o de car\u00e1cter comercial o profesional. El usuario deber\u00e1 abstenerse de obtener, o intentar obtener, los contenidos por medios o procedimientos distintos de los que en cada caso se hayan puesto a su disposici\u00f3n o indicado al efecto o de los que se utilicen habitualmente en Internet (siempre que estos \u00faltimos no entra\u00f1en un riesgo de da\u00f1o o inutilizaci\u00f3n de la Web). El usuario deber\u00e1 respetar en todo momento todos los derechos de propiedad intelectual e industrial sobre la Web, sean titularidad de ATALAYA o de terceros.<\/p><ol start=\"4\"><li><h5><strong>Hiperenlaces y sitios enlazados<\/strong><\/h5><\/li><\/ol><p>Esta Web puede tener enlaces o referencias a otras p\u00e1ginas web. ATALAYA no ostenta responsabilidad alguna por el contenido de los sitios de terceros y no ser\u00e1 responsable de los da\u00f1os o perjuicios que pudiera provocar dicho contenido.<\/p><p>Cualquier interesado en incluir un enlace o referencia a esta Web, deber\u00e1 contactar con ATALAYA para obtener la previa autorizaci\u00f3n expresa para ello. El establecimiento del enlace no supondr\u00e1 ning\u00fan tipo de acuerdo, contrato, patrocinio ni recomendaci\u00f3n por parte de ATALAYA de la p\u00e1gina que realiza el enlace. ATALAYA podr\u00e1 retirar, en cualquier momento, la autorizaci\u00f3n mencionada en este apartado sin necesidad de alegar causa alguna. En ese caso, la p\u00e1gina que haya incluido el enlace deber\u00e1 proceder a su inmediata supresi\u00f3n tan pronto reciba la notificaci\u00f3n de ATALAYA.<\/p><ol start=\"5\"><li><h5><strong>Exclusi\u00f3n de garant\u00edas y responsabilidades<\/strong><\/h5><\/li><\/ol><p>ATALAYA no garantiza la disponibilidad y continuidad del funcionamiento de la Web y de los servicios o contenidos ofrecidos en el mismo, ni que el contenido existente en su Web se encuentre actualizado, quedando exonerada de toda responsabilidad por los da\u00f1os y perjuicios de cualquier naturaleza que puedan originarse por tales circunstancias.<\/p><p>ATALAYA llevar\u00e1 a cabo, siempre que no concurran circunstancias que lo hagan imposible o de dif\u00edcil ejecuci\u00f3n, todas aquellas labores tendentes a subsanar los errores, restablecer la comunicaci\u00f3n y\/o actualizar los referidos contenidos.<\/p><p>Asimismo, ATALAYA no garantiza ni la fiabilidad t\u00e9cnica de su Web, ni el acceso a sus distintas p\u00e1ginas, quedando de la misma forma exonerada de toda responsabilidad por los da\u00f1os y perjuicios de cualquier naturaleza que puedan originarse por esta causa.<\/p><p>Adem\u00e1s, ATALAYA no se hace responsable de los posibles errores o deficiencias de seguridad que pudieran producirse por la utilizaci\u00f3n por parte del usuario de un navegador con una versi\u00f3n desactualizada o insegura o de los da\u00f1os, errores o inexactitudes que pudieran derivarse del mal funcionamiento del mismo.<\/p><p>Con el fin de disminuir el riesgo de introducci\u00f3n de virus en la Web, ATALAYA utiliza programas de detecci\u00f3n de virus para controlar los contenidos de la p\u00e1gina web. No obstante, ATALAYA no garantiza la ausencia de virus, ni de otros elementos del Web introducidos por terceros ajenos a ATALAYA que puedan producir alteraciones en los sistemas f\u00edsicos o l\u00f3gicos de los usuarios o en los documentos electr\u00f3nicos o ficheros almacenados en sus sistemas. En consecuencia, ATALAYA no ser\u00e1 en ning\u00fan caso responsable de cualesquiera da\u00f1os y perjuicios de cualquier naturaleza que pudieran derivarse de la presencia de virus u otros elementos que puedan producir alteraciones en los sistemas f\u00edsicos o l\u00f3gicos, documentos electr\u00f3nicos o ficheros de los usuarios.<\/p><p>ATALAYA adopta diversas medidas de protecci\u00f3n para proteger la Web, los datos recabados a trav\u00e9s de esta, y sus contenidos, contra ataques inform\u00e1ticos de terceros. No obstante, ATALAYA no garantiza que terceros no autorizados puedan tener acceso al tipo de uso o navegaci\u00f3n de la Web que hace el usuario o las condiciones, caracter\u00edsticas y circunstancias en las cuales se efect\u00faa. En consecuencia, ATALAYA no ser\u00e1 en ning\u00fan caso responsable de los da\u00f1os y perjuicios que pudieran derivarse de dicho acceso no autorizado.<\/p><p>ATALAYA no ser\u00e1 responsable en ning\u00fan caso del uso que los usuarios y\/o terceros pudieran hacer de la Web o los contenidos, ni de los da\u00f1os y perjuicios que pudieran derivarse del mismo.<\/p><p>En la Web podr\u00e1 encontrar documentos para su descarga (con car\u00e1cter enunciativo y no limitativo: brochure, planos, memoria de calidades etc). Respecto a dichos documentos:<\/p><p>Las infograf\u00edas son im\u00e1genes no contractuales y meramente ilustrativas sujetas a modificaciones de orden t\u00e9cnico, jur\u00eddico o comercial de la direcci\u00f3n facultativa o autoridad competente. Las infograf\u00edas de las fachadas, elementos comunes y restantes espacios son orientativas y podr\u00e1n ser objeto de verificaci\u00f3n o modificaci\u00f3n en los proyectos t\u00e9cnicos. El mobiliario de las infograf\u00edas interiores no est\u00e1 incluido y el equipamiento de las viviendas ser\u00e1 el indicado en la correspondiente memoria de calidades. Toda la informaci\u00f3n y entrega de documentaci\u00f3n se har\u00e1 seg\u00fan lo establecido en el Real Decreto 515\/1989 y dem\u00e1s normas que pudieran complementarlo ya sean de car\u00e1cter estatal o auton\u00f3mico.<\/p><p>Los planos o fichas comerciales son un documento de car\u00e1cter informativo, no contractual. Las superficies referidas en este plano son orientativas y pueden sufrir variaciones por razones de \u00edndole t\u00e9cnicas y\/o legales en el desarrollo de la ejecuci\u00f3n de las obras. El mobiliario, plantas y jard\u00edn son meramente decorativos. Los giros de las puertas y la distribuci\u00f3n de los aparatos sanitarios no son vinculantes.<\/p><p>La memoria de calidades constructivas es meramente orientativa, reserv\u00e1ndose la entidad la facultad de introducir aquellas modificaciones que vengan motivadas por razones t\u00e9cnicas o jur\u00eddicas, que sean indicadas por el arquitecto director de la obra, por ser necesarias o convenientes para la correcta finalizaci\u00f3n del edificio o que sean ordenadas por los organismos p\u00fablicos competentes, en cuyo caso ser\u00e1n sustituidos por otros de igual o superior calidad.<\/p><ol start=\"6\"><li><h5><strong>Datos personales<\/strong><\/h5><\/li><\/ol><p>A trav\u00e9s de la Web pueden recogerse datos personales del usuario. El tratamiento de dichos datos personales se regir\u00e1 por lo dispuesto en la\u00a0<a href=\"https:\/\/camp-port.com\/es\/politica-de-privacidad\/\"><u>Pol\u00edtica de privacidad<\/u><\/a><\/p><ol start=\"7\"><li><h5><strong>Cookies<\/strong><\/h5><\/li><\/ol><p>La Web utiliza \u201ccookies\u201d (ficheros que se descargan en el ordenador\/smartphone\/tablet del usuario al acceder a determinadas p\u00e1ginas web para almacenar y recuperar informaci\u00f3n sobre la navegaci\u00f3n que se efect\u00faa desde dicho equipo). Toda la informaci\u00f3n sobre cookies que se utilizan en la Web est\u00e1 disponible en el siguiente enlace: <a href=\"https:\/\/camp-port.com\/es\/politica-de-cookies\/\">Pol\u00edtica de cookies<\/a><\/p><ol start=\"8\"><li><h5><strong>Cesi\u00f3n<\/strong><\/h5><\/li><\/ol><p>Estas Condiciones Generales y las Condiciones Particulares pueden cederse, sin consentimiento del usuario, a cualquier tercero que adquiera total o parcialmente esta Web o el negocio desarrollado en la misma.<\/p><ol start=\"9\"><li><h5><strong>Ley aplicable y jurisdicci\u00f3n<\/strong><\/h5><\/li><\/ol><p>Estas Condiciones Generales se rigen por la ley com\u00fan espa\u00f1ola y cualquier conflicto se someter\u00e1 por los jueces y tribunales de Bilbao capital salvo que la normativa aplicable establezca otra cosa.<\/p>\t\t\t\t\t\t<\/div>\n\t\t\t\t<\/div>\n\t\t\t\t\t<\/div>\n\t\t<\/div>\n\t\t\t\t\t\t\t<\/div>\n\t\t<\/section>\n\t\t\t\t\t\t\t<\/div>\n\t\t","protected":false},"excerpt":{"rendered":"<p>AVISO LEGAL Aviso legal y objeto de la web Las presentes condiciones generales de uso de la p\u00e1gina web de\u00a0ATALAYA CAMPOS SON CATLAR, S.L. (\u201cATALAYA\u201d) (www.camp-port.com) (las \u201cCondiciones Generales\u201d) regulan el acceso y el uso de este sitio web, as\u00ed como de las distintas p\u00e1ginas que lo integran (la \u201cWeb\u201d). El usuario debe leer estas [&hellip;]<\/p>\n","protected":false},"author":1,"featured_media":0,"parent":0,"menu_order":0,"comment_status":"closed","ping_status":"closed","template":"","meta":{"inline_featured_image":false,"footnotes":""},"class_list":["post-3143","page","type-page","status-publish","hentry"],"_links":{"self":[{"href":"https:\/\/camp-port.com\/es\/wp-json\/wp\/v2\/pages\/3143","targetHints":{"allow":["GET"]}}],"collection":[{"href":"https:\/\/camp-port.com\/es\/wp-json\/wp\/v2\/pages"}],"about":[{"href":"https:\/\/camp-port.com\/es\/wp-json\/wp\/v2\/types\/page"}],"author":[{"embeddable":true,"href":"https:\/\/camp-port.com\/es\/wp-json\/wp\/v2\/users\/1"}],"replies":[{"embeddable":true,"href":"https:\/\/camp-port.com\/es\/wp-json\/wp\/v2\/comments?post=3143"}],"version-history":[{"count":17,"href":"https:\/\/camp-port.com\/es\/wp-json\/wp\/v2\/pages\/3143\/revisions"}],"predecessor-version":[{"id":3175,"href":"https:\/\/camp-port.com\/es\/wp-json\/wp\/v2\/pages\/3143\/revisions\/3175"}],"wp:attachment":[{"href":"https:\/\/camp-port.com\/es\/wp-json\/wp\/v2\/media?parent=3143"}],"curies":[{"name":"wp","href":"https:\/\/api.w.org\/{rel}","templated":true}]}}